{"id":987514448,"date":"2025-03-19T08:29:23","date_gmt":"2025-03-19T07:29:23","guid":{"rendered":"https:\/\/mgdev.work\/marca\/"},"modified":"2025-11-23T17:56:18","modified_gmt":"2025-11-23T16:56:18","slug":"marca","status":"publish","type":"page","link":"https:\/\/mgdev.work\/es\/marca\/","title":{"rendered":"Marca"},"content":{"rendered":"<div class=\"et_pb_section_0 et_pb_section et_section_regular et_block_section\">\n<div class=\"et_pb_row_0 et_pb_row et_pb_gutters3 et_block_row custom-row-width-981\">\n<div class=\"et_pb_column_0 et_pb_column et_pb_column_4_4 et-last-child et_block_column et_pb_css_mix_blend_mode_passthrough\">\n<div class=\"et_pb_text_0 et_pb_text et_pb_bg_layout_light et_pb_module et_block_module\"><div class=\"et_pb_text_inner\"><h1>Marca<\/h1>\n<\/div><\/div>\n\n<div class=\"et_pb_text_1 et_pb_text et_pb_bg_layout_light et_pb_module et_block_module\"><div class=\"et_pb_text_inner\"><p style=\"text-align: center;\">M\u00e1s que un logotipo, es su historia contada con belleza<\/p>\n<\/div><\/div>\n<\/div>\n<\/div>\n<\/div>\n\n<div class=\"et_pb_section_1 et_pb_section et_section_regular et_block_section\">\n<div class=\"et_pb_row_1 et_pb_row et_flex_row custom-row-width-981\">\n<div class=\"et_pb_column_1 et_pb_column et_flex_column et_pb_css_mix_blend_mode_passthrough et_flex_column_24_24\">\n<div class=\"et_pb_icon_0 et_pb_icon et_pb_module et_flex_module\"><span class=\"et_pb_icon_wrap\"><span class=\"et-pb-icon\">\uf1f9<\/span><\/span><\/div>\n\n<div class=\"et_pb_heading_0 et_pb_heading et_pb_module et_block_module\"><div class=\"et_pb_heading_container\"><h3 class=\"et_pb_module_header\">La marca siempre ha sido un elemento crucial del \u00e9xito<\/h3><\/div><\/div>\n\n<div class=\"et_pb_text_2 et_pb_text et_pb_bg_layout_light et_pb_module et_block_module\"><div class=\"et_pb_text_inner\"><p>En el pasado, las empresas pod\u00edan prosperar principalmente en funci\u00f3n de su ubicaci\u00f3n f\u00edsica. Sin embargo, en el mundo actual, cada vez m\u00e1s interactivo, la creaci\u00f3n de una marca empresarial eficaz ha adquirido un nuevo nivel en el juego del marketing de marca. As\u00ed que necesita un constructor de marca inteligente como nosotros para mejorar su juego.  <\/p>\n<p>\u00bfPor qu\u00e9 es esencial una buena imagen de marca? Infunde confianza a sus clientes y, lo que es quiz\u00e1 m\u00e1s importante, a los clientes potenciales, aumentando la probabilidad de que recuerden la marca de su empresa. <\/p>\n<p>Ahora bien, \u00bfy si ya goza de una s\u00f3lida notoriedad de marca?<\/p>\n<p>Si bien mantener la coherencia es clave, tambi\u00e9n es importante reconocer que la marca puede ser algo as\u00ed como la moda, que requiere peque\u00f1as actualizaciones o ajustes en el tiempo en lugar de una revisi\u00f3n completa cada a\u00f1o. Las buenas empresas de marca como MallorcaGraphics pueden ayudarle aqu\u00ed, ya que somos una de las agencias creativas reconocidas que se centra en la creaci\u00f3n de marcas. <\/p>\n<p>&nbsp;<\/p>\n<\/div><\/div>\n<\/div>\n\n<div class=\"et_pb_column_2 et_pb_column et-last-child et_flex_column et_pb_css_mix_blend_mode_passthrough et_flex_column_24_24\">\n<div class=\"et_pb_image_0 et_pb_image et_pb_module et_block_module\"><span class=\"et_pb_image_wrap\"><img loading=\"lazy\" decoding=\"async\" src=\"https:\/\/mgdev.work\/wp-content\/uploads\/2025\/03\/Branding1.jpg\" width=\"800\" height=\"800\" srcset=\"https:\/\/mgdev.work\/wp-content\/uploads\/2025\/03\/Branding1.jpg 800w, https:\/\/mgdev.work\/wp-content\/uploads\/2025\/03\/Branding1-480x480.jpg 480w\" sizes=\"(min-width: 0px) and (max-width: 480px) 480px, (min-width: 481px) 800px, 100vw\" class=\"wp-image-987511849\" title=\"branding agency spain\" alt=\"creative agency spain\" \/><\/span><\/div>\n<\/div>\n<\/div>\n<\/div>\n\n<div class=\"et_pb_section_2 et_pb_section et_section_regular et_block_section\">\n<div class=\"et_pb_row_2 et_pb_row et_flex_row custom-row-width-981 column-swapping-row\">\n<div class=\"et_pb_column_3 et_pb_column et_flex_column et_pb_css_mix_blend_mode_passthrough et_flex_column_24_24 column-swapping-column-1\">\n<div class=\"et_pb_image_1 et_pb_image et_pb_module et_block_module\"><span class=\"et_pb_image_wrap\"><img loading=\"lazy\" decoding=\"async\" src=\"https:\/\/mgdev.work\/wp-content\/uploads\/2025\/03\/Branding2.jpg\" width=\"800\" height=\"800\" srcset=\"https:\/\/mgdev.work\/wp-content\/uploads\/2025\/03\/Branding2.jpg 800w, https:\/\/mgdev.work\/wp-content\/uploads\/2025\/03\/Branding2-480x480.jpg 480w\" sizes=\"(min-width: 0px) and (max-width: 480px) 480px, (min-width: 481px) 800px, 100vw\" class=\"wp-image-987511847\" title=\"best branding company mallorca\" alt=\"affordable branding agency in Mallorca\" \/><\/span><\/div>\n<\/div>\n\n<div class=\"et_pb_column_4 et_pb_column et-last-child et_flex_column et_pb_css_mix_blend_mode_passthrough et_flex_column_24_24 column-swapping-column-2\">\n<div class=\"et_pb_icon_1 et_pb_icon et_pb_module et_flex_module\"><span class=\"et_pb_icon_wrap\"><span class=\"et-pb-icon\">\uf4c4<\/span><\/span><\/div>\n\n<div class=\"et_pb_heading_1 et_pb_heading et_pb_module et_block_module\"><div class=\"et_pb_heading_container\"><h3 class=\"et_pb_module_header\">\u00bfC\u00f3mo puede Mallorca Graphics ayudarle en este proceso?<\/h3><\/div><\/div>\n\n<div class=\"et_pb_text_3 et_pb_text et_pb_bg_layout_light et_pb_module et_block_module\"><div class=\"et_pb_text_inner\"><p>En Mallorca Graphics, entendemos que empezar una nueva empresa conlleva muchos retos emocionantes, por lo que ofrecemos la flexibilidad de centrarse exclusivamente en la creaci\u00f3n de un logotipo de marca distintivo que capture la esencia de su marca, o puede elegir un paquete de marca m\u00e1s extenso que abarque no s\u00f3lo su logotipo, sino tambi\u00e9n su sitio web, membrete, pie de p\u00e1gina y todos los materiales adicionales que pueda necesitar para establecer una marca fuerte y presencia en el mercado.<\/p>\n<p>Para las empresas establecidas que buscan empresas de branding cerca de m\u00ed para rejuvenecer su identidad de marca o para las nuevas empresas que requieren un apoyo integral de branding, le animamos a que se ponga en contacto con nosotros para que podamos profundizar en sus necesidades espec\u00edficas y definir conjuntamente los pr\u00f3ximos pasos para elevar su marca. Podemos ayudarle a impulsar el crecimiento de su marca con nuestra agencia creativa centrada en el desarrollo de su marca. P\u00f3ngase en contacto con nosotros hoy mismo para hablar de su proyecto.  <\/p>\n<\/div><\/div>\n<\/div>\n<\/div>\n<\/div>","protected":false},"excerpt":{"rendered":"","protected":false},"author":1,"featured_media":0,"parent":0,"menu_order":0,"comment_status":"closed","ping_status":"closed","template":"","meta":{"iawp_total_views":0,"footnotes":""},"class_list":["post-987514448","page","type-page","status-publish","hentry"],"yoast_head":"<!-- This site is optimized with the Yoast SEO plugin v26.6 - https:\/\/yoast.com\/wordpress\/plugins\/seo\/ -->\n<title>Marca - Mallorca Graphics<\/title>\n<meta name=\"robots\" content=\"noindex, follow, max-snippet:-1, max-image-preview:large, max-video-preview:-1\" \/>\n<meta property=\"og:locale\" content=\"es_ES\" \/>\n<meta property=\"og:type\" content=\"article\" \/>\n<meta property=\"og:title\" content=\"Marca - Mallorca Graphics\" \/>\n<meta property=\"og:url\" content=\"https:\/\/mgdev.work\/es\/marca\/\" \/>\n<meta property=\"og:site_name\" content=\"Mallorca Graphics\" \/>\n<meta property=\"article:modified_time\" content=\"2025-11-23T16:56:18+00:00\" \/>\n<meta name=\"twitter:card\" content=\"summary_large_image\" \/>\n<script type=\"application\/ld+json\" class=\"yoast-schema-graph\">{\"@context\":\"https:\/\/schema.org\",\"@graph\":[{\"@type\":\"WebPage\",\"@id\":\"https:\/\/mgdev.work\/es\/marca\/\",\"url\":\"https:\/\/mgdev.work\/es\/marca\/\",\"name\":\"Marca - Mallorca Graphics\",\"isPartOf\":{\"@id\":\"https:\/\/mgdev.work\/es\/#website\"},\"datePublished\":\"2025-03-19T07:29:23+00:00\",\"dateModified\":\"2025-11-23T16:56:18+00:00\",\"breadcrumb\":{\"@id\":\"https:\/\/mgdev.work\/es\/marca\/#breadcrumb\"},\"inLanguage\":\"es\",\"potentialAction\":[{\"@type\":\"ReadAction\",\"target\":[\"https:\/\/mgdev.work\/es\/marca\/\"]}]},{\"@type\":\"BreadcrumbList\",\"@id\":\"https:\/\/mgdev.work\/es\/marca\/#breadcrumb\",\"itemListElement\":[{\"@type\":\"ListItem\",\"position\":1,\"name\":\"Home\",\"item\":\"https:\/\/mgdev.work\/es\/\"},{\"@type\":\"ListItem\",\"position\":2,\"name\":\"Marca\"}]},{\"@type\":\"WebSite\",\"@id\":\"https:\/\/mgdev.work\/es\/#website\",\"url\":\"https:\/\/mgdev.work\/es\/\",\"name\":\"Mallorca Graphics\",\"description\":\"My WordPress Blog\",\"potentialAction\":[{\"@type\":\"SearchAction\",\"target\":{\"@type\":\"EntryPoint\",\"urlTemplate\":\"https:\/\/mgdev.work\/es\/?s={search_term_string}\"},\"query-input\":{\"@type\":\"PropertyValueSpecification\",\"valueRequired\":true,\"valueName\":\"search_term_string\"}}],\"inLanguage\":\"es\"},{\"@type\":\"ImageObject\",\"inLanguage\":\"es\",\"@id\":\"https:\/\/mgdev.work\/es\/marca\/#local-main-organization-logo\",\"url\":\"\",\"contentUrl\":\"\",\"caption\":\"Mallorca Graphics\"}]}<\/script>\n<!-- \/ Yoast SEO plugin. -->","yoast_head_json":{"title":"Marca - Mallorca Graphics","robots":{"index":"noindex","follow":"follow","max-snippet":"max-snippet:-1","max-image-preview":"max-image-preview:large","max-video-preview":"max-video-preview:-1"},"og_locale":"es_ES","og_type":"article","og_title":"Marca - Mallorca Graphics","og_url":"https:\/\/mgdev.work\/es\/marca\/","og_site_name":"Mallorca Graphics","article_modified_time":"2025-11-23T16:56:18+00:00","twitter_card":"summary_large_image","schema":{"@context":"https:\/\/schema.org","@graph":[{"@type":"WebPage","@id":"https:\/\/mgdev.work\/es\/marca\/","url":"https:\/\/mgdev.work\/es\/marca\/","name":"Marca - Mallorca Graphics","isPartOf":{"@id":"https:\/\/mgdev.work\/es\/#website"},"datePublished":"2025-03-19T07:29:23+00:00","dateModified":"2025-11-23T16:56:18+00:00","breadcrumb":{"@id":"https:\/\/mgdev.work\/es\/marca\/#breadcrumb"},"inLanguage":"es","potentialAction":[{"@type":"ReadAction","target":["https:\/\/mgdev.work\/es\/marca\/"]}]},{"@type":"BreadcrumbList","@id":"https:\/\/mgdev.work\/es\/marca\/#breadcrumb","itemListElement":[{"@type":"ListItem","position":1,"name":"Home","item":"https:\/\/mgdev.work\/es\/"},{"@type":"ListItem","position":2,"name":"Marca"}]},{"@type":"WebSite","@id":"https:\/\/mgdev.work\/es\/#website","url":"https:\/\/mgdev.work\/es\/","name":"Mallorca Graphics","description":"My WordPress Blog","potentialAction":[{"@type":"SearchAction","target":{"@type":"EntryPoint","urlTemplate":"https:\/\/mgdev.work\/es\/?s={search_term_string}"},"query-input":{"@type":"PropertyValueSpecification","valueRequired":true,"valueName":"search_term_string"}}],"inLanguage":"es"},{"@type":"ImageObject","inLanguage":"es","@id":"https:\/\/mgdev.work\/es\/marca\/#local-main-organization-logo","url":"","contentUrl":"","caption":"Mallorca Graphics"}]}},"_links":{"self":[{"href":"https:\/\/mgdev.work\/es\/wp-json\/wp\/v2\/pages\/987514448","targetHints":{"allow":["GET"]}}],"collection":[{"href":"https:\/\/mgdev.work\/es\/wp-json\/wp\/v2\/pages"}],"about":[{"href":"https:\/\/mgdev.work\/es\/wp-json\/wp\/v2\/types\/page"}],"author":[{"embeddable":true,"href":"https:\/\/mgdev.work\/es\/wp-json\/wp\/v2\/users\/1"}],"replies":[{"embeddable":true,"href":"https:\/\/mgdev.work\/es\/wp-json\/wp\/v2\/comments?post=987514448"}],"version-history":[{"count":3,"href":"https:\/\/mgdev.work\/es\/wp-json\/wp\/v2\/pages\/987514448\/revisions"}],"predecessor-version":[{"id":987514733,"href":"https:\/\/mgdev.work\/es\/wp-json\/wp\/v2\/pages\/987514448\/revisions\/987514733"}],"wp:attachment":[{"href":"https:\/\/mgdev.work\/es\/wp-json\/wp\/v2\/media?parent=987514448"}],"curies":[{"name":"wp","href":"https:\/\/api.w.org\/{rel}","templated":true}]}}